{"id":783,"date":"2025-11-17T12:59:49","date_gmt":"2025-11-17T10:59:49","guid":{"rendered":"https:\/\/ramstocksalt.com\/ramstock\/?post_type=product&#038;p=783"},"modified":"2026-02-20T19:13:54","modified_gmt":"2026-02-20T17:13:54","slug":"xandall-esparta-combinat-de-jaqueta-i-pantalons","status":"publish","type":"product","link":"https:\/\/ramstocksalt.com\/ramstock\/producte\/xandall-esparta-combinat-de-jaqueta-i-pantalons\/","title":{"rendered":"Xandall ESPARTA: combinat de jaqueta i pantalons"},"content":{"rendered":"","protected":false},"excerpt":{"rendered":"<p>Xandall combinat de jaqueta i pantalons. Coll alt amb cremallera. Butxaques frontals amb viu en contrast. Punys i cintura de contrast en canal\u00e9 1&#215;1. Cremallera central amb cobreix costures interior. Pantalons amb cintura el\u00e0stica i cord\u00f3 ajustable amb repunt de seguretat i dues butxaques laterals amb viu ample. Teixit interior vellutat molt confortable. Cremallera al baix dels pantalons.<\/p>\n<p>Material: 100% poli\u00e8ster, teixit acetat llis, 210 g\/m\u00b2.<\/p>\n<p>Tots els colors s\u00f3n combinats amb MARINO.<\/p>\n","protected":false},"featured_media":1033,"comment_status":"open","ping_status":"closed","template":"","meta":[],"product_brand":[],"product_cat":[40,57],"product_tag":[],"class_list":{"0":"post-783","1":"product","2":"type-product","3":"status-publish","4":"has-post-thumbnail","6":"product_cat-roba-esportiva","7":"product_cat-xandalls","9":"first","10":"instock","11":"taxable","12":"shipping-taxable","13":"purchasable","14":"product-type-variable"},"_links":{"self":[{"href":"https:\/\/ramstocksalt.com\/ramstock\/wp-json\/wp\/v2\/product\/783","targetHints":{"allow":["GET"]}}],"collection":[{"href":"https:\/\/ramstocksalt.com\/ramstock\/wp-json\/wp\/v2\/product"}],"about":[{"href":"https:\/\/ramstocksalt.com\/ramstock\/wp-json\/wp\/v2\/types\/product"}],"replies":[{"embeddable":true,"href":"https:\/\/ramstocksalt.com\/ramstock\/wp-json\/wp\/v2\/comments?post=783"}],"wp:featuredmedia":[{"embeddable":true,"href":"https:\/\/ramstocksalt.com\/ramstock\/wp-json\/wp\/v2\/media\/1033"}],"wp:attachment":[{"href":"https:\/\/ramstocksalt.com\/ramstock\/wp-json\/wp\/v2\/media?parent=783"}],"wp:term":[{"taxonomy":"product_brand","embeddable":true,"href":"https:\/\/ramstocksalt.com\/ramstock\/wp-json\/wp\/v2\/product_brand?post=783"},{"taxonomy":"product_cat","embeddable":true,"href":"https:\/\/ramstocksalt.com\/ramstock\/wp-json\/wp\/v2\/product_cat?post=783"},{"taxonomy":"product_tag","embeddable":true,"href":"https:\/\/ramstocksalt.com\/ramstock\/wp-json\/wp\/v2\/product_tag?post=783"}],"curies":[{"name":"wp","href":"https:\/\/api.w.org\/{rel}","templated":true}]}}