{"id":2587,"date":"2026-04-13T21:10:00","date_gmt":"2026-04-13T19:10:00","guid":{"rendered":"https:\/\/ramstocksalt.com\/ramstock\/?post_type=product&#038;p=2587"},"modified":"2026-04-14T16:53:44","modified_gmt":"2026-04-14T14:53:44","slug":"jaqueta-amb-escot-de-pic-teixit-en-punt-suau-explorer","status":"publish","type":"product","link":"https:\/\/ramstocksalt.com\/ramstock\/producte\/jaqueta-amb-escot-de-pic-teixit-en-punt-suau-explorer\/","title":{"rendered":"Jaqueta amb escot de pic. Teixit en punt suau EXPLORER"},"content":{"rendered":"","protected":false},"excerpt":{"rendered":"<p class=\"mb-1\" data-v-6fb971c7=\"\">Jaqueta amb escot de pic. Teixit en punt suau. Tancament central de cinc botons a el to. Dues butxaques de plastr\u00f3. Punys i cintura el\u00e0stics en punt canal\u00e9.<\/p>\n<p><strong>COMPOSICI\u00d3<\/strong><br \/>\n50% viscosa \/ el 28% poli\u00e8ster \/ 22% poliamida, punt fi, 340 g \/ m\u00b2.<\/p>\n","protected":false},"featured_media":2589,"comment_status":"open","ping_status":"closed","template":"","meta":[],"product_brand":[],"product_cat":[187,41],"product_tag":[],"class_list":{"0":"post-2587","1":"product","2":"type-product","3":"status-publish","4":"has-post-thumbnail","6":"product_cat-parques-i-jaquetes-laboral","7":"product_cat-roba-laboral","9":"first","10":"instock","11":"taxable","12":"shipping-taxable","13":"purchasable","14":"product-type-variable"},"_links":{"self":[{"href":"https:\/\/ramstocksalt.com\/ramstock\/wp-json\/wp\/v2\/product\/2587","targetHints":{"allow":["GET"]}}],"collection":[{"href":"https:\/\/ramstocksalt.com\/ramstock\/wp-json\/wp\/v2\/product"}],"about":[{"href":"https:\/\/ramstocksalt.com\/ramstock\/wp-json\/wp\/v2\/types\/product"}],"replies":[{"embeddable":true,"href":"https:\/\/ramstocksalt.com\/ramstock\/wp-json\/wp\/v2\/comments?post=2587"}],"wp:featuredmedia":[{"embeddable":true,"href":"https:\/\/ramstocksalt.com\/ramstock\/wp-json\/wp\/v2\/media\/2589"}],"wp:attachment":[{"href":"https:\/\/ramstocksalt.com\/ramstock\/wp-json\/wp\/v2\/media?parent=2587"}],"wp:term":[{"taxonomy":"product_brand","embeddable":true,"href":"https:\/\/ramstocksalt.com\/ramstock\/wp-json\/wp\/v2\/product_brand?post=2587"},{"taxonomy":"product_cat","embeddable":true,"href":"https:\/\/ramstocksalt.com\/ramstock\/wp-json\/wp\/v2\/product_cat?post=2587"},{"taxonomy":"product_tag","embeddable":true,"href":"https:\/\/ramstocksalt.com\/ramstock\/wp-json\/wp\/v2\/product_tag?post=2587"}],"curies":[{"name":"wp","href":"https:\/\/api.w.org\/{rel}","templated":true}]}}