{"id":1900,"date":"2026-04-10T17:24:02","date_gmt":"2026-04-10T15:24:02","guid":{"rendered":"https:\/\/ramstocksalt.com\/ramstock\/?post_type=product&#038;p=1900"},"modified":"2026-04-14T17:37:09","modified_gmt":"2026-04-14T15:37:09","slug":"jaqueta-parka-encoixinada-amb-caputxa-extraible-i-ajustadors-elastics-america-woman","status":"publish","type":"product","link":"https:\/\/ramstocksalt.com\/ramstock\/producte\/jaqueta-parka-encoixinada-amb-caputxa-extraible-i-ajustadors-elastics-america-woman\/","title":{"rendered":"Jaqueta parka encoixinada amb caputxa extra\u00efble i ajustadors el\u00e0stics AMERICA WOMAN"},"content":{"rendered":"","protected":false},"excerpt":{"rendered":"<p class=\"mb-1\" data-v-6fb971c7=\"\">Jaqueta parka encoixinada amb caputxa extra\u00efble i ajustadors el\u00e0stics, repel\u00b7lent a l&#8217;aigua i paravent. Cremallera frontal a joc coberta per una solapa ampla del mateix teixit. Panells laterals que modelen suaument la pe\u00e7a. Punys amb ajustador de velcro. Butxaques laterals amb cremalleres a joc cobertes per una tapeta de teixit a joc. Butxaca interior esquerra al pit. Acc\u00e9s interior per a la personalitzaci\u00f3. Certificaci\u00f3 GRS.<\/p>\n<p><strong>COMPOSICI\u00d3<\/strong><br \/>\nExterior: 100% poli\u00e8ster reciclat Folre: 100% poli\u00e8ster reciclat Encoixinat: 100% poli\u00e8ster reciclat 400 g\/m\u00b2<\/p>\n","protected":false},"featured_media":1894,"comment_status":"open","ping_status":"closed","template":"","meta":[],"product_brand":[],"product_cat":[60,44],"product_tag":[],"class_list":{"0":"post-1900","1":"product","2":"type-product","3":"status-publish","4":"has-post-thumbnail","6":"product_cat-casual","7":"product_cat-paravents-parques-i-jaquetes","9":"first","10":"instock","11":"taxable","12":"shipping-taxable","13":"purchasable","14":"product-type-variable"},"_links":{"self":[{"href":"https:\/\/ramstocksalt.com\/ramstock\/wp-json\/wp\/v2\/product\/1900","targetHints":{"allow":["GET"]}}],"collection":[{"href":"https:\/\/ramstocksalt.com\/ramstock\/wp-json\/wp\/v2\/product"}],"about":[{"href":"https:\/\/ramstocksalt.com\/ramstock\/wp-json\/wp\/v2\/types\/product"}],"replies":[{"embeddable":true,"href":"https:\/\/ramstocksalt.com\/ramstock\/wp-json\/wp\/v2\/comments?post=1900"}],"wp:featuredmedia":[{"embeddable":true,"href":"https:\/\/ramstocksalt.com\/ramstock\/wp-json\/wp\/v2\/media\/1894"}],"wp:attachment":[{"href":"https:\/\/ramstocksalt.com\/ramstock\/wp-json\/wp\/v2\/media?parent=1900"}],"wp:term":[{"taxonomy":"product_brand","embeddable":true,"href":"https:\/\/ramstocksalt.com\/ramstock\/wp-json\/wp\/v2\/product_brand?post=1900"},{"taxonomy":"product_cat","embeddable":true,"href":"https:\/\/ramstocksalt.com\/ramstock\/wp-json\/wp\/v2\/product_cat?post=1900"},{"taxonomy":"product_tag","embeddable":true,"href":"https:\/\/ramstocksalt.com\/ramstock\/wp-json\/wp\/v2\/product_tag?post=1900"}],"curies":[{"name":"wp","href":"https:\/\/api.w.org\/{rel}","templated":true}]}}