{"id":1831,"date":"2026-04-09T01:24:04","date_gmt":"2026-04-08T23:24:04","guid":{"rendered":"https:\/\/ramstocksalt.com\/ramstock\/?post_type=product&#038;p=1831"},"modified":"2026-04-14T17:43:46","modified_gmt":"2026-04-14T15:43:46","slug":"samarreta-de-maniga-llarga-extreme","status":"publish","type":"product","link":"https:\/\/ramstocksalt.com\/ramstock\/producte\/samarreta-de-maniga-llarga-extreme\/","title":{"rendered":"Samarreta de m\u00e0niga llarga EXTREME"},"content":{"rendered":"","protected":false},"excerpt":{"rendered":"<p class=\"mb-1\" data-v-6fb971c7=\"\">Samarreta de m\u00e0niga llarga, teixit tubular i coll rod\u00f3 de 4 capes. Tapacostures de refor\u00e7 al coll i a les espatlles. Sense punys.<\/p>\n<p><strong>COMPOSICI\u00d3<\/strong><br \/>\n100% cot\u00f3, punt llis, 160 g\/m\u00b2. Color gris 58: 85% cot\u00f3 \/ 15% viscosa.<\/p>\n","protected":false},"featured_media":1835,"comment_status":"open","ping_status":"closed","template":"","meta":[],"product_brand":[],"product_cat":[60,38],"product_tag":[],"class_list":{"0":"post-1831","1":"product","2":"type-product","3":"status-publish","4":"has-post-thumbnail","6":"product_cat-casual","7":"product_cat-samarretes","9":"first","10":"instock","11":"taxable","12":"shipping-taxable","13":"purchasable","14":"product-type-variable"},"_links":{"self":[{"href":"https:\/\/ramstocksalt.com\/ramstock\/wp-json\/wp\/v2\/product\/1831","targetHints":{"allow":["GET"]}}],"collection":[{"href":"https:\/\/ramstocksalt.com\/ramstock\/wp-json\/wp\/v2\/product"}],"about":[{"href":"https:\/\/ramstocksalt.com\/ramstock\/wp-json\/wp\/v2\/types\/product"}],"replies":[{"embeddable":true,"href":"https:\/\/ramstocksalt.com\/ramstock\/wp-json\/wp\/v2\/comments?post=1831"}],"wp:featuredmedia":[{"embeddable":true,"href":"https:\/\/ramstocksalt.com\/ramstock\/wp-json\/wp\/v2\/media\/1835"}],"wp:attachment":[{"href":"https:\/\/ramstocksalt.com\/ramstock\/wp-json\/wp\/v2\/media?parent=1831"}],"wp:term":[{"taxonomy":"product_brand","embeddable":true,"href":"https:\/\/ramstocksalt.com\/ramstock\/wp-json\/wp\/v2\/product_brand?post=1831"},{"taxonomy":"product_cat","embeddable":true,"href":"https:\/\/ramstocksalt.com\/ramstock\/wp-json\/wp\/v2\/product_cat?post=1831"},{"taxonomy":"product_tag","embeddable":true,"href":"https:\/\/ramstocksalt.com\/ramstock\/wp-json\/wp\/v2\/product_tag?post=1831"}],"curies":[{"name":"wp","href":"https:\/\/api.w.org\/{rel}","templated":true}]}}