{"id":1579,"date":"2026-03-06T02:12:26","date_gmt":"2026-03-06T00:12:26","guid":{"rendered":"https:\/\/ramstocksalt.com\/ramstock\/?post_type=product&#038;p=1579"},"modified":"2026-03-09T18:59:21","modified_gmt":"2026-03-09T16:59:21","slug":"samarreta-de-maniga-curta-per-dona-zolder","status":"publish","type":"product","link":"https:\/\/ramstocksalt.com\/ramstock\/producte\/samarreta-de-maniga-curta-per-dona-zolder\/","title":{"rendered":"Top esportiu per a dona d&#8217;alta subjecci\u00f3 BASEL"},"content":{"rendered":"","protected":false},"excerpt":{"rendered":"<p class=\"mb-1\" data-v-6fb971c7=\"\">Top esportiu per a dona d&#8217;alta subjecci\u00f3. Tirants entrella\u00e7ats a l&#8217;esquena. Banda el\u00e0stica de refor\u00e7 en pe\u00e7a sota pit. Doble teixit i folre. Copes de foam extra\u00efbles. Logo Roly reflector a l&#8217;esquena.<\/p>\n<p><strong>COMPOSICI\u00d3<\/strong><br \/>\n83% polyester i 17% elastane, 250 g\/m\u00b2.<\/p>\n","protected":false},"featured_media":1592,"comment_status":"open","ping_status":"closed","template":"","meta":[],"product_brand":[],"product_cat":[94],"product_tag":[],"class_list":{"0":"post-1579","1":"product","2":"type-product","3":"status-publish","4":"has-post-thumbnail","6":"product_cat-samarretes-sport","8":"first","9":"instock","10":"taxable","11":"shipping-taxable","12":"purchasable","13":"product-type-variable"},"_links":{"self":[{"href":"https:\/\/ramstocksalt.com\/ramstock\/wp-json\/wp\/v2\/product\/1579","targetHints":{"allow":["GET"]}}],"collection":[{"href":"https:\/\/ramstocksalt.com\/ramstock\/wp-json\/wp\/v2\/product"}],"about":[{"href":"https:\/\/ramstocksalt.com\/ramstock\/wp-json\/wp\/v2\/types\/product"}],"replies":[{"embeddable":true,"href":"https:\/\/ramstocksalt.com\/ramstock\/wp-json\/wp\/v2\/comments?post=1579"}],"wp:featuredmedia":[{"embeddable":true,"href":"https:\/\/ramstocksalt.com\/ramstock\/wp-json\/wp\/v2\/media\/1592"}],"wp:attachment":[{"href":"https:\/\/ramstocksalt.com\/ramstock\/wp-json\/wp\/v2\/media?parent=1579"}],"wp:term":[{"taxonomy":"product_brand","embeddable":true,"href":"https:\/\/ramstocksalt.com\/ramstock\/wp-json\/wp\/v2\/product_brand?post=1579"},{"taxonomy":"product_cat","embeddable":true,"href":"https:\/\/ramstocksalt.com\/ramstock\/wp-json\/wp\/v2\/product_cat?post=1579"},{"taxonomy":"product_tag","embeddable":true,"href":"https:\/\/ramstocksalt.com\/ramstock\/wp-json\/wp\/v2\/product_tag?post=1579"}],"curies":[{"name":"wp","href":"https:\/\/api.w.org\/{rel}","templated":true}]}}