{"id":1463,"date":"2026-03-05T16:03:45","date_gmt":"2026-03-05T14:03:45","guid":{"rendered":"https:\/\/ramstocksalt.com\/ramstock\/?post_type=product&#038;p=1463"},"modified":"2026-03-09T18:37:55","modified_gmt":"2026-03-09T16:37:55","slug":"samarreta-tecnica-combinada-shanghai-dona","status":"publish","type":"product","link":"https:\/\/ramstocksalt.com\/ramstock\/producte\/samarreta-tecnica-combinada-shanghai-dona\/","title":{"rendered":"Samarreta t\u00e8cnica combinada SHANGHAI Dona"},"content":{"rendered":"","protected":false},"excerpt":{"rendered":"<p>Samarreta t\u00e8cnica combinada amb dos teixits de poli\u00e8ster, m\u00e0niga curta d\u2019estil raglan. Teixit principal bird&#8217;s eye i panells laterals i interior de la m\u00e0niga amb teixit microperforat. Coll rod\u00f3 amb tapacostures de refor\u00e7 a l\u2019interior. Samarreta de teixit c\u00f2mode i f\u00e0cilment adaptable al cos.<\/p>\n<p><strong>COMPOSICI\u00d3<\/strong><br \/>\nTeixit principal: 100% poli\u00e8ster, bird\u00b4s eye. Panells: 100% poli\u00e8ster microperforat. 140 g\/m\u00b2.<\/p>\n","protected":false},"featured_media":1465,"comment_status":"open","ping_status":"closed","template":"","meta":[],"product_brand":[],"product_cat":[94],"product_tag":[],"class_list":{"0":"post-1463","1":"product","2":"type-product","3":"status-publish","4":"has-post-thumbnail","6":"product_cat-samarretes-sport","8":"first","9":"instock","10":"taxable","11":"shipping-taxable","12":"purchasable","13":"product-type-variable"},"_links":{"self":[{"href":"https:\/\/ramstocksalt.com\/ramstock\/wp-json\/wp\/v2\/product\/1463","targetHints":{"allow":["GET"]}}],"collection":[{"href":"https:\/\/ramstocksalt.com\/ramstock\/wp-json\/wp\/v2\/product"}],"about":[{"href":"https:\/\/ramstocksalt.com\/ramstock\/wp-json\/wp\/v2\/types\/product"}],"replies":[{"embeddable":true,"href":"https:\/\/ramstocksalt.com\/ramstock\/wp-json\/wp\/v2\/comments?post=1463"}],"wp:featuredmedia":[{"embeddable":true,"href":"https:\/\/ramstocksalt.com\/ramstock\/wp-json\/wp\/v2\/media\/1465"}],"wp:attachment":[{"href":"https:\/\/ramstocksalt.com\/ramstock\/wp-json\/wp\/v2\/media?parent=1463"}],"wp:term":[{"taxonomy":"product_brand","embeddable":true,"href":"https:\/\/ramstocksalt.com\/ramstock\/wp-json\/wp\/v2\/product_brand?post=1463"},{"taxonomy":"product_cat","embeddable":true,"href":"https:\/\/ramstocksalt.com\/ramstock\/wp-json\/wp\/v2\/product_cat?post=1463"},{"taxonomy":"product_tag","embeddable":true,"href":"https:\/\/ramstocksalt.com\/ramstock\/wp-json\/wp\/v2\/product_tag?post=1463"}],"curies":[{"name":"wp","href":"https:\/\/api.w.org\/{rel}","templated":true}]}}