{"id":390,"date":"2025-11-04T01:33:34","date_gmt":"2025-11-03T23:33:34","guid":{"rendered":"https:\/\/ramstocksalt.com\/ramstock\/?page_id=390"},"modified":"2026-05-08T16:32:52","modified_gmt":"2026-05-08T14:32:52","slug":"que-fem","status":"publish","type":"page","link":"https:\/\/ramstocksalt.com\/ramstock\/que-fem\/","title":{"rendered":"Que fem?"},"content":{"rendered":"\t\t<div data-elementor-type=\"wp-page\" data-elementor-id=\"390\" class=\"elementor elementor-390\" data-elementor-post-type=\"page\">\n\t\t\t\t<div class=\"elementor-element elementor-element-c14bab1 e-flex e-con-boxed e-con e-parent\" data-id=\"c14bab1\" data-element_type=\"container\">\n\t\t\t\t\t<div class=\"e-con-inner\">\n\t\t\t\t<div class=\"elementor-element elementor-element-ff0a795 elementor-widget elementor-widget-heading\" data-id=\"ff0a795\" data-element_type=\"widget\" data-widget_type=\"heading.default\">\n\t\t\t\t\t<h2 class=\"elementor-heading-title elementor-size-default\">Que fem?<\/h2>\t\t\t\t<\/div>\n\t\t\t\t\t<\/div>\n\t\t\t\t<\/div>\n\t\t<div class=\"elementor-element elementor-element-c3d3d4e e-flex e-con-boxed e-con e-parent\" data-id=\"c3d3d4e\" data-element_type=\"container\" data-settings=\"{&quot;background_background&quot;:&quot;classic&quot;}\">\n\t\t\t\t\t<div class=\"e-con-inner\">\n\t\t\t\t<div class=\"elementor-element elementor-element-eafdcc3 elementor-widget elementor-widget-text-editor\" data-id=\"eafdcc3\" data-element_type=\"widget\" data-widget_type=\"text-editor.default\">\n\t\t\t\t\t\t\t\t\t<h4><span style=\"color: #ffffff;\">Som especialistes en estampaci\u00f3<\/span><\/h4><p>T\u2019oferim roba i productes de bona qualitat i a bon preu i els personalitzem si ho desitges. <br \/>Per a fer-ho utilitzem diferents <strong>t\u00e8cniques<\/strong> d\u2019estampaci\u00f3 sobre qualsevol suport i material aconseguint sempre resultats d\u2019alta qualitat.<\/p>\t\t\t\t\t\t\t\t<\/div>\n\t\t\t\t\t<\/div>\n\t\t\t\t<\/div>\n\t\t<div class=\"elementor-element elementor-element-0d23c9e e-flex e-con-boxed e-con e-parent\" data-id=\"0d23c9e\" data-element_type=\"container\">\n\t\t\t\t\t<div class=\"e-con-inner\">\n\t\t<div class=\"elementor-element elementor-element-a4529e8 e-con-full e-flex e-con e-child\" data-id=\"a4529e8\" data-element_type=\"container\">\n\t\t\t\t<div class=\"elementor-element elementor-element-f575d8c elementor-widget elementor-widget-image\" data-id=\"f575d8c\" data-element_type=\"widget\" data-widget_type=\"image.default\">\n\t\t\t\t\t\t\t\t\t\t\t\t\t\t\t<img decoding=\"async\" width=\"146\" height=\"146\" src=\"https:\/\/ramstocksalt.com\/ramstock\/wp-content\/uploads\/2026\/05\/vinil.webp\" class=\"attachment-full size-full wp-image-2773\" alt=\"\" srcset=\"https:\/\/ramstocksalt.com\/ramstock\/wp-content\/uploads\/2026\/05\/vinil.webp 146w, https:\/\/ramstocksalt.com\/ramstock\/wp-content\/uploads\/2026\/05\/vinil-100x100.webp 100w\" sizes=\"(max-width: 146px) 100vw, 146px\" \/>\t\t\t\t\t\t\t\t\t\t\t\t\t\t\t<\/div>\n\t\t\t\t<div class=\"elementor-element elementor-element-b84a4cf elementor-widget elementor-widget-heading\" data-id=\"b84a4cf\" data-element_type=\"widget\" data-widget_type=\"heading.default\">\n\t\t\t\t\t<h2 class=\"elementor-heading-title elementor-size-default\">Vinil<\/h2>\t\t\t\t<\/div>\n\t\t\t\t<div class=\"elementor-element elementor-element-c905655 elementor-widget elementor-widget-text-editor\" data-id=\"c905655\" data-element_type=\"widget\" data-widget_type=\"text-editor.default\">\n\t\t\t\t\t\t\t\t\t<p><span id=\"result_box\" class=\"\" lang=\"ca\">Estampaci\u00f3 sense tinta que es fa a trav\u00e9s d\u2019un adhesiu totalment personalitzable i que dona un lleuger acabat pl\u00e0stic que es nota al tacte.<\/span><\/p>\t\t\t\t\t\t\t\t<\/div>\n\t\t\t\t<\/div>\n\t\t<div class=\"elementor-element elementor-element-6d8ae10 e-con-full e-flex e-con e-child\" data-id=\"6d8ae10\" data-element_type=\"container\">\n\t\t\t\t<div class=\"elementor-element elementor-element-7034669 elementor-widget elementor-widget-image\" data-id=\"7034669\" data-element_type=\"widget\" data-widget_type=\"image.default\">\n\t\t\t\t\t\t\t\t\t\t\t\t\t\t\t<img decoding=\"async\" width=\"146\" height=\"146\" src=\"https:\/\/ramstocksalt.com\/ramstock\/wp-content\/uploads\/2026\/05\/transfer.webp\" class=\"attachment-full size-full wp-image-2780\" alt=\"\" srcset=\"https:\/\/ramstocksalt.com\/ramstock\/wp-content\/uploads\/2026\/05\/transfer.webp 146w, https:\/\/ramstocksalt.com\/ramstock\/wp-content\/uploads\/2026\/05\/transfer-100x100.webp 100w\" sizes=\"(max-width: 146px) 100vw, 146px\" \/>\t\t\t\t\t\t\t\t\t\t\t\t\t\t\t<\/div>\n\t\t\t\t<div class=\"elementor-element elementor-element-ac0881a elementor-widget elementor-widget-heading\" data-id=\"ac0881a\" data-element_type=\"widget\" data-widget_type=\"heading.default\">\n\t\t\t\t\t<h2 class=\"elementor-heading-title elementor-size-default\">Transfer<\/h2>\t\t\t\t<\/div>\n\t\t\t\t<div class=\"elementor-element elementor-element-3784374 elementor-widget elementor-widget-text-editor\" data-id=\"3784374\" data-element_type=\"widget\" data-widget_type=\"text-editor.default\">\n\t\t\t\t\t\t\t\t\t<p><span id=\"result_box\" class=\"\" lang=\"ca\">Semblant a la serigrafia. La difer\u00e8ncia principal \u00e9s que no s\u2019estampa amb tinta directa a l\u2019article, sin\u00f3 que s\u2019imprimeix en un paper especial que \u00e9s adherit al producte mitjan\u00e7ant calor<span class=\"\">.<\/span><\/span><\/p>\t\t\t\t\t\t\t\t<\/div>\n\t\t\t\t<\/div>\n\t\t<div class=\"elementor-element elementor-element-e19831d e-con-full e-flex e-con e-child\" data-id=\"e19831d\" data-element_type=\"container\">\n\t\t\t\t<div class=\"elementor-element elementor-element-183d0b3 elementor-widget elementor-widget-image\" data-id=\"183d0b3\" data-element_type=\"widget\" data-widget_type=\"image.default\">\n\t\t\t\t\t\t\t\t\t\t\t\t\t\t\t<img decoding=\"async\" width=\"146\" height=\"146\" src=\"https:\/\/ramstocksalt.com\/ramstock\/wp-content\/uploads\/2026\/05\/bordat.webp\" class=\"attachment-full size-full wp-image-2793\" alt=\"\" srcset=\"https:\/\/ramstocksalt.com\/ramstock\/wp-content\/uploads\/2026\/05\/bordat.webp 146w, https:\/\/ramstocksalt.com\/ramstock\/wp-content\/uploads\/2026\/05\/bordat-100x100.webp 100w\" sizes=\"(max-width: 146px) 100vw, 146px\" \/>\t\t\t\t\t\t\t\t\t\t\t\t\t\t\t<\/div>\n\t\t\t\t<div class=\"elementor-element elementor-element-2a3ac00 elementor-widget elementor-widget-heading\" data-id=\"2a3ac00\" data-element_type=\"widget\" data-widget_type=\"heading.default\">\n\t\t\t\t\t<h2 class=\"elementor-heading-title elementor-size-default\">Brodat<\/h2>\t\t\t\t<\/div>\n\t\t\t\t<div class=\"elementor-element elementor-element-cb84fb6 elementor-widget elementor-widget-text-editor\" data-id=\"cb84fb6\" data-element_type=\"widget\" data-widget_type=\"text-editor.default\">\n\t\t\t\t\t\t\t\t\t<p>El brodat \u00e9s un sistema de marcatge t\u00e8xtil de llarga duraci\u00f3 i d\u2019aspecte professional fet amb fil. El brodat de roba s\u2019utilitza freq\u00fcentment en uniformes i roba de treball. Per a comandes que requereixin brodats, sol\u00b7liciti <a href=\"https:\/\/ramstocksalt.com\/ramstock\/contacte\/\">pressupost<\/a> apart.<\/p>\t\t\t\t\t\t\t\t<\/div>\n\t\t\t\t<\/div>\n\t\t\t\t\t<\/div>\n\t\t\t\t<\/div>\n\t\t<div class=\"elementor-element elementor-element-a7a35a5 e-flex e-con-boxed e-con e-parent\" data-id=\"a7a35a5\" data-element_type=\"container\">\n\t\t\t\t\t<div class=\"e-con-inner\">\n\t\t<div class=\"elementor-element elementor-element-97d8afd e-con-full e-flex e-con e-child\" data-id=\"97d8afd\" data-element_type=\"container\">\n\t\t\t\t<div class=\"elementor-element elementor-element-1aea246 elementor-widget elementor-widget-image\" data-id=\"1aea246\" data-element_type=\"widget\" data-widget_type=\"image.default\">\n\t\t\t\t\t\t\t\t\t\t\t\t\t\t\t<img loading=\"lazy\" decoding=\"async\" width=\"146\" height=\"146\" src=\"https:\/\/ramstocksalt.com\/ramstock\/wp-content\/uploads\/2026\/05\/serigrafia.webp\" class=\"attachment-full size-full wp-image-2798\" alt=\"\" srcset=\"https:\/\/ramstocksalt.com\/ramstock\/wp-content\/uploads\/2026\/05\/serigrafia.webp 146w, https:\/\/ramstocksalt.com\/ramstock\/wp-content\/uploads\/2026\/05\/serigrafia-100x100.webp 100w\" sizes=\"(max-width: 146px) 100vw, 146px\" \/>\t\t\t\t\t\t\t\t\t\t\t\t\t\t\t<\/div>\n\t\t\t\t<div class=\"elementor-element elementor-element-76e8b7a elementor-widget elementor-widget-heading\" data-id=\"76e8b7a\" data-element_type=\"widget\" data-widget_type=\"heading.default\">\n\t\t\t\t\t<h2 class=\"elementor-heading-title elementor-size-default\">Serigrafia<\/h2>\t\t\t\t<\/div>\n\t\t\t\t<div class=\"elementor-element elementor-element-0ba5132 elementor-widget elementor-widget-text-editor\" data-id=\"0ba5132\" data-element_type=\"widget\" data-widget_type=\"text-editor.default\">\n\t\t\t\t\t\t\t\t\t<p>L\u2019estampaci\u00f3 tradicional. <span id=\"result_box\" class=\"\" lang=\"ca\">Realitzem impressi\u00f3 sobre suports t\u00e8xtils i r\u00edgids. <\/span>Recomanable per a imprimir fins a 6 tintes i per a grans quantitats, a partir de 100 unitats. Per a comandes que requereixin serigrafia, sol\u00b7liciti <a href=\"https:\/\/ramstocksalt.com\/ramstock\/contacte\/\">pressupost<\/a> apart.<\/p>\t\t\t\t\t\t\t\t<\/div>\n\t\t\t\t<\/div>\n\t\t<div class=\"elementor-element elementor-element-6950e71 e-con-full e-flex e-con e-child\" data-id=\"6950e71\" data-element_type=\"container\">\n\t\t\t\t<div class=\"elementor-element elementor-element-b24bec1 elementor-widget elementor-widget-image\" data-id=\"b24bec1\" data-element_type=\"widget\" data-widget_type=\"image.default\">\n\t\t\t\t\t\t\t\t\t\t\t\t\t\t\t<img loading=\"lazy\" decoding=\"async\" width=\"146\" height=\"146\" src=\"https:\/\/ramstocksalt.com\/ramstock\/wp-content\/uploads\/2026\/05\/Sublimacio.webp\" class=\"attachment-full size-full wp-image-2802\" alt=\"\" srcset=\"https:\/\/ramstocksalt.com\/ramstock\/wp-content\/uploads\/2026\/05\/Sublimacio.webp 146w, https:\/\/ramstocksalt.com\/ramstock\/wp-content\/uploads\/2026\/05\/Sublimacio-100x100.webp 100w\" sizes=\"(max-width: 146px) 100vw, 146px\" \/>\t\t\t\t\t\t\t\t\t\t\t\t\t\t\t<\/div>\n\t\t\t\t<div class=\"elementor-element elementor-element-159542c elementor-widget elementor-widget-heading\" data-id=\"159542c\" data-element_type=\"widget\" data-widget_type=\"heading.default\">\n\t\t\t\t\t<h2 class=\"elementor-heading-title elementor-size-default\">Sublimaci\u00f3<\/h2>\t\t\t\t<\/div>\n\t\t\t\t<div class=\"elementor-element elementor-element-f6b23f2 elementor-widget elementor-widget-text-editor\" data-id=\"f6b23f2\" data-element_type=\"widget\" data-widget_type=\"text-editor.default\">\n\t\t\t\t\t\t\t\t\t<p>T\u00e8cnica d\u2019impressi\u00f3 a base de transfer\u00e8ncia de tinta a l\u2019objecte amb l\u2019aplicaci\u00f3 de calor i sobre qualsevol suport (t\u00e8xtil, cer\u00e0mica, fusta, pl\u00e0stic, vidre, metall\u2026)<\/p>\t\t\t\t\t\t\t\t<\/div>\n\t\t\t\t<\/div>\n\t\t<div class=\"elementor-element elementor-element-8b2182d e-con-full e-flex e-con e-child\" data-id=\"8b2182d\" data-element_type=\"container\">\n\t\t\t\t<div class=\"elementor-element elementor-element-01ade2b elementor-widget elementor-widget-image\" data-id=\"01ade2b\" data-element_type=\"widget\" data-widget_type=\"image.default\">\n\t\t\t\t\t\t\t\t\t\t\t\t\t\t\t<img loading=\"lazy\" decoding=\"async\" width=\"146\" height=\"146\" src=\"https:\/\/ramstocksalt.com\/ramstock\/wp-content\/uploads\/2026\/05\/Recuperacio.webp\" class=\"attachment-full size-full wp-image-2803\" alt=\"\" srcset=\"https:\/\/ramstocksalt.com\/ramstock\/wp-content\/uploads\/2026\/05\/Recuperacio.webp 146w, https:\/\/ramstocksalt.com\/ramstock\/wp-content\/uploads\/2026\/05\/Recuperacio-100x100.webp 100w\" sizes=\"(max-width: 146px) 100vw, 146px\" \/>\t\t\t\t\t\t\t\t\t\t\t\t\t\t\t<\/div>\n\t\t\t\t<div class=\"elementor-element elementor-element-1199002 elementor-widget elementor-widget-heading\" data-id=\"1199002\" data-element_type=\"widget\" data-widget_type=\"heading.default\">\n\t\t\t\t\t<h2 class=\"elementor-heading-title elementor-size-default\">Recuperaci\u00f3<\/h2>\t\t\t\t<\/div>\n\t\t\t\t<div class=\"elementor-element elementor-element-6f73421 elementor-widget elementor-widget-text-editor\" data-id=\"6f73421\" data-element_type=\"widget\" data-widget_type=\"text-editor.default\">\n\t\t\t\t\t\t\t\t\t<p>Portan\u2019s les teves pantalles insolades amb un disseny que ja no fas servir i dona-li una nova vida!<\/p>\t\t\t\t\t\t\t\t<\/div>\n\t\t\t\t<\/div>\n\t\t\t\t\t<\/div>\n\t\t\t\t<\/div>\n\t\t<div class=\"elementor-element elementor-element-2389b00 e-flex e-con-boxed e-con e-parent\" data-id=\"2389b00\" data-element_type=\"container\">\n\t\t\t\t\t<div class=\"e-con-inner\">\n\t\t<div class=\"elementor-element elementor-element-ed4af93 e-con-full e-flex e-con e-child\" data-id=\"ed4af93\" data-element_type=\"container\">\n\t\t\t\t<div class=\"elementor-element elementor-element-c18cd67 elementor-widget elementor-widget-image\" data-id=\"c18cd67\" data-element_type=\"widget\" data-widget_type=\"image.default\">\n\t\t\t\t\t\t\t\t\t\t\t\t\t\t\t<img loading=\"lazy\" decoding=\"async\" width=\"146\" height=\"146\" src=\"https:\/\/ramstocksalt.com\/ramstock\/wp-content\/uploads\/2026\/05\/Insolacio.webp\" class=\"attachment-full size-full wp-image-2807\" alt=\"\" srcset=\"https:\/\/ramstocksalt.com\/ramstock\/wp-content\/uploads\/2026\/05\/Insolacio.webp 146w, https:\/\/ramstocksalt.com\/ramstock\/wp-content\/uploads\/2026\/05\/Insolacio-100x100.webp 100w\" sizes=\"(max-width: 146px) 100vw, 146px\" \/>\t\t\t\t\t\t\t\t\t\t\t\t\t\t\t<\/div>\n\t\t\t\t<div class=\"elementor-element elementor-element-b655c5b elementor-widget elementor-widget-heading\" data-id=\"b655c5b\" data-element_type=\"widget\" data-widget_type=\"heading.default\">\n\t\t\t\t\t<h2 class=\"elementor-heading-title elementor-size-default\">Insolaci\u00f3<\/h2>\t\t\t\t<\/div>\n\t\t\t\t<div class=\"elementor-element elementor-element-353b5d9 elementor-widget elementor-widget-text-editor\" data-id=\"353b5d9\" data-element_type=\"widget\" data-widget_type=\"text-editor.default\">\n\t\t\t\t\t\t\t\t\t<p>Et preparem pantalles amb els teus originals, per a qu\u00e8 puguis estampar pel teu compte.<\/p>\t\t\t\t\t\t\t\t<\/div>\n\t\t\t\t<\/div>\n\t\t<div class=\"elementor-element elementor-element-1968f8c e-con-full e-flex e-con e-child\" data-id=\"1968f8c\" data-element_type=\"container\">\n\t\t\t\t<div class=\"elementor-element elementor-element-b741dbc elementor-widget elementor-widget-image\" data-id=\"b741dbc\" data-element_type=\"widget\" data-widget_type=\"image.default\">\n\t\t\t\t\t\t\t\t\t\t\t\t\t\t\t<img loading=\"lazy\" decoding=\"async\" width=\"146\" height=\"146\" src=\"https:\/\/ramstocksalt.com\/ramstock\/wp-content\/uploads\/2026\/05\/dubtes.webp\" class=\"attachment-full size-full wp-image-2811\" alt=\"\" srcset=\"https:\/\/ramstocksalt.com\/ramstock\/wp-content\/uploads\/2026\/05\/dubtes.webp 146w, https:\/\/ramstocksalt.com\/ramstock\/wp-content\/uploads\/2026\/05\/dubtes-100x100.webp 100w\" sizes=\"(max-width: 146px) 100vw, 146px\" \/>\t\t\t\t\t\t\t\t\t\t\t\t\t\t\t<\/div>\n\t\t\t\t<div class=\"elementor-element elementor-element-bce57db elementor-widget elementor-widget-heading\" data-id=\"bce57db\" data-element_type=\"widget\" data-widget_type=\"heading.default\">\n\t\t\t\t\t<h2 class=\"elementor-heading-title elementor-size-default\">Dubtes?<\/h2>\t\t\t\t<\/div>\n\t\t\t\t<div class=\"elementor-element elementor-element-a01bd56 elementor-widget elementor-widget-text-editor\" data-id=\"a01bd56\" data-element_type=\"widget\" data-widget_type=\"text-editor.default\">\n\t\t\t\t\t\t\t\t\t<p>No et preocupis, diga\u2019ns el que vols fer i t\u2019ajudarem a trobar la millor soluci\u00f3.<\/p>\t\t\t\t\t\t\t\t<\/div>\n\t\t\t\t<\/div>\n\t\t<div class=\"elementor-element elementor-element-bef70e5 e-con-full e-flex e-con e-child\" data-id=\"bef70e5\" data-element_type=\"container\">\n\t\t\t\t<\/div>\n\t\t\t\t\t<\/div>\n\t\t\t\t<\/div>\n\t\t\t\t<\/div>\n\t\t","protected":false},"excerpt":{"rendered":"<p>Som especialistes en estampaci\u00f3 T\u2019oferim roba i productes de bona qualitat i a bon preu i els personalitzem si ho desitges. Per a fer-ho utilitzem diferents t\u00e8cniques d\u2019estampaci\u00f3 sobre qualsevol suport i material aconseguint sempre resultats d\u2019alta qualitat. Vinil Estampaci\u00f3 sense tinta que es fa a trav\u00e9s d\u2019un adhesiu totalment personalitzable i que dona un &#8230;<\/p>\n","protected":false},"author":1,"featured_media":0,"parent":0,"menu_order":0,"comment_status":"closed","ping_status":"closed","template":"page-nosidebar.php","meta":{"footnotes":""},"class_list":["post-390","page","type-page","status-publish","hentry"],"_links":{"self":[{"href":"https:\/\/ramstocksalt.com\/ramstock\/wp-json\/wp\/v2\/pages\/390","targetHints":{"allow":["GET"]}}],"collection":[{"href":"https:\/\/ramstocksalt.com\/ramstock\/wp-json\/wp\/v2\/pages"}],"about":[{"href":"https:\/\/ramstocksalt.com\/ramstock\/wp-json\/wp\/v2\/types\/page"}],"author":[{"embeddable":true,"href":"https:\/\/ramstocksalt.com\/ramstock\/wp-json\/wp\/v2\/users\/1"}],"replies":[{"embeddable":true,"href":"https:\/\/ramstocksalt.com\/ramstock\/wp-json\/wp\/v2\/comments?post=390"}],"version-history":[{"count":49,"href":"https:\/\/ramstocksalt.com\/ramstock\/wp-json\/wp\/v2\/pages\/390\/revisions"}],"predecessor-version":[{"id":2895,"href":"https:\/\/ramstocksalt.com\/ramstock\/wp-json\/wp\/v2\/pages\/390\/revisions\/2895"}],"wp:attachment":[{"href":"https:\/\/ramstocksalt.com\/ramstock\/wp-json\/wp\/v2\/media?parent=390"}],"curies":[{"name":"wp","href":"https:\/\/api.w.org\/{rel}","templated":true}]}}